{"id":55,"date":"2022-09-06T13:11:00","date_gmt":"2022-09-06T13:11:00","guid":{"rendered":"https:\/\/mimyproject.ase.ro\/?page_id=55"},"modified":"2022-09-08T14:02:02","modified_gmt":"2022-09-08T14:02:02","slug":"consortium","status":"publish","type":"page","link":"https:\/\/mimyproject.ase.ro\/?page_id=55","title":{"rendered":"Consortium"},"content":{"rendered":"\n<p>MIMY (EMpowerment through liquid Integration of Migrant Youth in vulnerable conditions) is an EU-funded project aiming to improve the situation of young migrants throughout Europe, Grant Agreement 870700. MIMY has put together 8 EU partners and an extra-EU partner in a joint research and dissemination effort coordinated by the University of Luxembourg, from February 2020 to February 2023. The consortium includes 9 universities and research institutes based in seven EU countries: Germany, Norway, Italy, Romania, UK, Hungary, and Poland.<\/p>\n\n\n\n<div class=\"wp-block-media-text has-media-on-the-right is-stacked-on-mobile\" style=\"grid-template-columns:auto 61%\"><figure class=\"wp-block-media-text__media\"><img loading=\"lazy\" decoding=\"async\" width=\"1024\" height=\"472\" src=\"https:\/\/mimyproject.ase.ro\/wp-content\/uploads\/2022\/09\/log-1024x472.png\" alt=\"\" class=\"wp-image-75 size-full\" srcset=\"https:\/\/mimyproject.ase.ro\/wp-content\/uploads\/2022\/09\/log-1024x472.png 1024w, https:\/\/mimyproject.ase.ro\/wp-content\/uploads\/2022\/09\/log-300x138.png 300w, https:\/\/mimyproject.ase.ro\/wp-content\/uploads\/2022\/09\/log-768x354.png 768w, https:\/\/mimyproject.ase.ro\/wp-content\/uploads\/2022\/09\/log-1536x708.png 1536w, https:\/\/mimyproject.ase.ro\/wp-content\/uploads\/2022\/09\/log.png 1787w\" sizes=\"auto, (max-width: 1024px) 100vw, 1024px\" \/><\/figure><div class=\"wp-block-media-text__content\">\n<p><kbd><em><strong>MIMY<\/strong> <\/em><\/kbd><strong><em><kbd>CONSORTIUM<\/kbd><\/em><\/strong><\/p>\n<\/div><\/div>\n\n\n\n<p><a href=\"https:\/\/mimy-project.eu\/partners\/consortium\/ul\">Universit\u00e9 du Luxembourg&nbsp;(Luxembourg)<\/a><\/p>\n\n\n\n<p><a href=\"https:\/\/mimy-project.eu\/partners\/consortium\/ils\">Institut f\u00fcr Landes- und Stadtentwicklungsforschung gGMBH&nbsp;(Germany)<\/a><\/p>\n\n\n\n<p><a href=\"https:\/\/mimy-project.eu\/partners\/consortium\/hawk\">Hochschule f\u00fcr Angewandte Wissenschaft und Kunst Hildesheim\/Holzminden\/Goettingen&nbsp;(Germany)<\/a><\/p>\n\n\n\n<p><a href=\"https:\/\/mimy-project.eu\/partners\/consortium\/uib\">Universitet i Bergen&nbsp;(Norway)<\/a><\/p>\n\n\n\n<p><a href=\"https:\/\/mimy-project.eu\/partners\/consortium\/ase\">Academia de Studii Economice din Bucuresti&nbsp;(Romania)<\/a><\/p>\n\n\n\n<p><a href=\"https:\/\/mimy-project.eu\/partners\/consortium\/mau\">Malm\u00f6 Universitet&nbsp;(Sweden)<\/a><\/p>\n\n\n\n<p><a href=\"https:\/\/mimy-project.eu\/partners\/consortium\/ucsc\">Universit\u00e0 Cattolica del Sacro Cuore&nbsp;(Italy)<\/a><\/p>\n\n\n\n<p><a href=\"https:\/\/mimy-project.eu\/partners\/consortium\/usfd\">The University of Sheffield&nbsp;(United Kingdom)<\/a><\/p>\n\n\n\n<p><a href=\"https:\/\/mimy-project.eu\/partners\/consortium\/ceu\">K\u00f6z\u00e9p Eur\u00f3pai Egyetem&nbsp;(Hungary)<\/a><\/p>\n\n\n\n<p><a href=\"https:\/\/mimy-project.eu\/partners\/consortium\/swps\">SWPS Uniwersytet Humanistycznospo\u0142eczny&nbsp;(Poland)<\/a><\/p>\n\n\n\n<p><a href=\"https:\/\/mimy-project.eu\/partners\/consortium\/eurice\">EURICE &#8211; European Research and Project Office GmbH&nbsp;(Germany)<\/a><\/p>\n\n\n\n<p><a href=\"https:\/\/mimy-project.eu\/partners\/consortium\/ecyc\">Europese Confederatie van Organisaties voor Jeugdcentra&nbsp;(Belgium)<\/a><\/p>\n\n\n\n<p><a href=\"https:\/\/mimy-project.eu\/partners\/consortium\/london-metropolitan-university\">London Metropolitan University&nbsp;(United Kingdom)<\/a><\/p>\n\n\n\n<p><a href=\"https:\/\/mimy-project.eu\/partners\/consortium\/alk\">Kozminski University (Akademia Leona Ko\u017ami\u0144skiego)&nbsp;(Poland)<\/a><\/p>\n","protected":false},"excerpt":{"rendered":"<p>MIMY (EMpowerment through liquid Integration of Migrant Youth in vulnerable conditions) is an EU-funded project aiming to improve the situation of young migrants throughout Europe, Grant Agreement 870700. MIMY has put together 8 EU partners and an extra-EU partner in a joint research and dissemination effort coordinated by the University of Luxembourg, from February 2020 [&hellip;]<\/p>\n","protected":false},"author":1,"featured_media":0,"parent":20,"menu_order":0,"comment_status":"closed","ping_status":"closed","template":"","meta":{"footnotes":""},"class_list":["post-55","page","type-page","status-publish","hentry"],"uagb_featured_image_src":{"full":false,"thumbnail":false,"medium":false,"medium_large":false,"large":false,"rpg_gallery_admin_thumb":false,"rpg_gallery_thumb":false,"1536x1536":false,"2048x2048":false},"uagb_author_info":{"display_name":"mimyproject","author_link":"https:\/\/mimyproject.ase.ro\/?author=1"},"uagb_comment_info":0,"uagb_excerpt":"MIMY (EMpowerment through liquid Integration of Migrant Youth in vulnerable conditions) is an EU-funded project aiming to improve the situation of young migrants throughout Europe, Grant Agreement 870700. MIMY has put together 8 EU partners and an extra-EU partner in a joint research and dissemination effort coordinated by the University of Luxembourg, from February 2020&hellip;","_links":{"self":[{"href":"https:\/\/mimyproject.ase.ro\/index.php?rest_route=\/wp\/v2\/pages\/55","targetHints":{"allow":["GET"]}}],"collection":[{"href":"https:\/\/mimyproject.ase.ro\/index.php?rest_route=\/wp\/v2\/pages"}],"about":[{"href":"https:\/\/mimyproject.ase.ro\/index.php?rest_route=\/wp\/v2\/types\/page"}],"author":[{"embeddable":true,"href":"https:\/\/mimyproject.ase.ro\/index.php?rest_route=\/wp\/v2\/users\/1"}],"replies":[{"embeddable":true,"href":"https:\/\/mimyproject.ase.ro\/index.php?rest_route=%2Fwp%2Fv2%2Fcomments&post=55"}],"version-history":[{"count":11,"href":"https:\/\/mimyproject.ase.ro\/index.php?rest_route=\/wp\/v2\/pages\/55\/revisions"}],"predecessor-version":[{"id":171,"href":"https:\/\/mimyproject.ase.ro\/index.php?rest_route=\/wp\/v2\/pages\/55\/revisions\/171"}],"up":[{"embeddable":true,"href":"https:\/\/mimyproject.ase.ro\/index.php?rest_route=\/wp\/v2\/pages\/20"}],"wp:attachment":[{"href":"https:\/\/mimyproject.ase.ro\/index.php?rest_route=%2Fwp%2Fv2%2Fmedia&parent=55"}],"curies":[{"name":"wp","href":"https:\/\/api.w.org\/{rel}","templated":true}]}}